{"id":2,"date":"2020-04-07T18:17:03","date_gmt":"2020-04-07T18:17:03","guid":{"rendered":"https:\/\/ecocaminantes.org\/blog\/?page_id=2"},"modified":"2020-04-11T20:17:26","modified_gmt":"2020-04-11T20:17:26","slug":"pagina-ejemplo","status":"publish","type":"page","link":"https:\/\/ecocaminantes.org\/blog\/","title":{"rendered":"los ecocaminantes"},"content":{"rendered":"\n<figure class=\"wp-block-image size-large\"><img loading=\"lazy\" width=\"1024\" height=\"683\" src=\"https:\/\/ecocaminantes.org\/blog\/wp-content\/uploads\/2020\/04\/o89a9761_baja-1024x683.jpg\" alt=\"ecoaminante\" class=\"wp-image-67\" srcset=\"https:\/\/ecocaminantes.org\/blog\/wp-content\/uploads\/2020\/04\/o89a9761_baja-1024x683.jpg 1024w, https:\/\/ecocaminantes.org\/blog\/wp-content\/uploads\/2020\/04\/o89a9761_baja-300x200.jpg 300w, https:\/\/ecocaminantes.org\/blog\/wp-content\/uploads\/2020\/04\/o89a9761_baja-768x512.jpg 768w, https:\/\/ecocaminantes.org\/blog\/wp-content\/uploads\/2020\/04\/o89a9761_baja.jpg 1095w\" sizes=\"(max-width: 1024px) 100vw, 1024px\" \/><\/figure>\n\n\n\n<p>Los h\u00e1bitos de usar y tirar son culturales e influimos, de manera consciente o no, con ellos en nuestro entorno natural y construido <br>de tal manera que producimos cambios en el medio ambiente \u2014se habla de la construcci\u00f3n de estos paisajes con un nuevo t\u00e9rmino:  <em>Basuraleza<\/em> \u2014, para evitarlo:<\/p>\n\n\n\n<p>\u2022 Facilitamos con nuestras actividades y talleres un espacio-tiempo de reflexi\u00f3n sobre nuestros h\u00e1bitos cotidianos y comportamientos diarios para poner en pr\u00e1ctica ACTITUDES MEDIOAMBIENTALES Y ECOL\u00d3GICAS SOSTENIBLES<br>en favor de nuestra casa, el planeta que compartimos.<\/p>\n\n\n\n<p>\u2022 Cuidamos nuestro entorno al EJERCITAR H\u00c1BITOS DE VIDA SOSTENIBLES<br>a trav\u00e9s de pr\u00e1cticas que proponemos en nuestros talleres y actividades mixtas: encuentros, cuentos, creaciones y construcciones,&nbsp; juegos, canciones y danzas.<\/p>\n\n\n\n<p>\u2022 Buscamos implicar a toda la comunidad a trav\u00e9s de la participaci\u00f3n conectando generaciones e intercambiando saberes, diversidad de miradas y pr\u00e1cticas.<\/p>\n\n\n\n<p class=\"has-normal-font-size\"><strong>El origen del proyecto:<\/strong><\/p>\n\n\n\n<p class=\"has-normal-font-size\">Este proyecto surge al transitar por diferentes lugares y observar las basurillas \u2014por las calles de n\u00facleos urbanos, por el bosque o caminos se puede encontrar papel, pl\u00e1stico, lata de conservas, botellas de cristal, restos org\u00e1nicos, bid\u00f3nes de gasolina u otras basurillas sobre la tierra, entre los arbustos, en las cunetas o en la calzada (hasta hace poco, la d\u00e9cada de 1970, era normal que cuando entrabas en los bares pisaras alg\u00fan hueso de aceituna o servilleta)\u2014 de ah\u00ed la idea de hacer un basurario, a modo de herbario, recolectando lo que nos encontr\u00e1bamos, con notas de campo para reflexionar sobre ello.<\/p>\n","protected":false},"excerpt":{"rendered":"<p>Los h\u00e1bitos de usar y tirar son culturales e influimos, de manera consciente o no, con ellos en nuestro entorno natural y construido de tal manera que producimos cambios en el medio ambiente \u2014se habla de la construcci\u00f3n de estos paisajes con un nuevo t\u00e9rmino: Basuraleza \u2014, para evitarlo: \u2022 Facilitamos con nuestras actividades y [&hellip;]<\/p>\n","protected":false},"author":1,"featured_media":0,"parent":0,"menu_order":0,"comment_status":"closed","ping_status":"open","template":"","meta":[],"_links":{"self":[{"href":"https:\/\/ecocaminantes.org\/blog\/wp-json\/wp\/v2\/pages\/2"}],"collection":[{"href":"https:\/\/ecocaminantes.org\/blog\/wp-json\/wp\/v2\/pages"}],"about":[{"href":"https:\/\/ecocaminantes.org\/blog\/wp-json\/wp\/v2\/types\/page"}],"author":[{"embeddable":true,"href":"https:\/\/ecocaminantes.org\/blog\/wp-json\/wp\/v2\/users\/1"}],"replies":[{"embeddable":true,"href":"https:\/\/ecocaminantes.org\/blog\/wp-json\/wp\/v2\/comments?post=2"}],"version-history":[{"count":5,"href":"https:\/\/ecocaminantes.org\/blog\/wp-json\/wp\/v2\/pages\/2\/revisions"}],"predecessor-version":[{"id":70,"href":"https:\/\/ecocaminantes.org\/blog\/wp-json\/wp\/v2\/pages\/2\/revisions\/70"}],"wp:attachment":[{"href":"https:\/\/ecocaminantes.org\/blog\/wp-json\/wp\/v2\/media?parent=2"}],"curies":[{"name":"wp","href":"https:\/\/api.w.org\/{rel}","templated":true}]}}